{"id":149,"date":"2020-12-13T15:46:41","date_gmt":"2020-12-13T15:46:41","guid":{"rendered":"https:\/\/formulacardrive.hu\/?post_type=product&#038;p=149"},"modified":"2024-02-28T08:43:21","modified_gmt":"2024-02-28T08:43:21","slug":"elmenyautozas-1-autoval","status":"publish","type":"product","link":"https:\/\/formulacardrive.hu\/en\/termek\/elmenyautozas-1-autoval\/","title":{"rendered":"(Magyar) \u00c9lm\u00e9nyaut\u00f3z\u00e1s 1 aut\u00f3val"},"content":{"rendered":"<p class=\"qtranxs-available-languages-message qtranxs-available-languages-message-en\">Sorry, this entry is only available in <a href=\"https:\/\/formulacardrive.hu\/hu\/wp-json\/wp\/v2\/product\/149\" class=\"qtranxs-available-language-link qtranxs-available-language-link-hu\" title=\"Magyar\">Hungarian<\/a>.<\/p>","protected":false},"excerpt":{"rendered":"<p class=\"qtranxs-available-languages-message qtranxs-available-languages-message-en\">Sorry, this entry is only available in <a href=\"https:\/\/formulacardrive.hu\/hu\/wp-json\/wp\/v2\/product\/149\" class=\"qtranxs-available-language-link qtranxs-available-language-link-hu\" title=\"Magyar\">Hungarian<\/a>.<\/p>\n","protected":false},"featured_media":180,"template":"","meta":[],"_links":{"self":[{"href":"https:\/\/formulacardrive.hu\/en\/wp-json\/wp\/v2\/product\/149"}],"collection":[{"href":"https:\/\/formulacardrive.hu\/en\/wp-json\/wp\/v2\/product"}],"about":[{"href":"https:\/\/formulacardrive.hu\/en\/wp-json\/wp\/v2\/types\/product"}],"wp:featuredmedia":[{"embeddable":true,"href":"https:\/\/formulacardrive.hu\/en\/wp-json\/wp\/v2\/media\/180"}],"wp:attachment":[{"href":"https:\/\/formulacardrive.hu\/en\/wp-json\/wp\/v2\/media?parent=149"}],"curies":[{"name":"wp","href":"https:\/\/api.w.org\/{rel}","templated":true}]}}